{"id":1016,"date":"2018-08-30T14:12:01","date_gmt":"2018-08-30T17:12:01","guid":{"rendered":"https:\/\/csrdeltala-ers.infd.edu.ar\/sitio\/secretaria-academica\/"},"modified":"2025-03-06T19:20:22","modified_gmt":"2025-03-06T22:20:22","slug":"secretaria-academica","status":"publish","type":"page","link":"https:\/\/csrdeltala-ers.infd.edu.ar\/sitio\/secretaria-academica\/","title":{"rendered":"Secretar\u00eda Acad\u00e9mica"},"content":{"rendered":"<h3 class=\"Estilo2\"><span style=\"text-decoration: underline; color: #993366;\"><span style=\"font-size: 12pt;\"><em><strong>FUNCIONES<\/strong><\/em><\/span><\/span><\/h3>\n<ul>\n<li>\n<h6><span style=\"color: #993366;\">Coordinar los aspectos acad\u00e9micos Institucional, de las ofertas educativas brindadas por el Establecimiento.-<\/span><\/h6>\n<\/li>\n<li>\n<h6><span style=\"color: #993366;\">Asistir al Rector en la Evaluaci\u00f3n de las actividades academias, de investigaci\u00f3n, capacitaci\u00f3n y extensi\u00f3n.-<\/span><\/h6>\n<\/li>\n<li>\n<h6><span style=\"color: #993366;\">Asesorar al rector y participar de los aspectos pedag\u00f3gicos de extensi\u00f3n y de las relaciones institucionales con otros establecimientos educativos.-<\/span><\/h6>\n<\/li>\n<li>\n<h6><span style=\"color: #993366;\">Proveer de toda informaci\u00f3n acad\u00e9mica que permita evaluar el desarrollo de la formaci\u00f3n especifica y proyectar acciones institucionales superadoras en beneficio de la calidad Educativa.<\/span><\/h6>\n<\/li>\n<li>\n<h6><span style=\"color: #993366;\">Coordinar la implementaci\u00f3n de acciones de capacitaci\u00f3n y\/o de actuaci\u00f3n docentes aprobadas por la superioridad.-<\/span><\/h6>\n<\/li>\n<li>\n<h6><span style=\"color: #993366;\">Desarrollar adem\u00e1s todas las acciones propuestas por la superioridad y todas las inherentes al cargo especifico y las necesarias para el cumplimiento de sus funciones.<\/span><\/h6>\n<\/li>\n<\/ul>\n","protected":false},"excerpt":{"rendered":"<p>FUNCIONES Coordinar los aspectos acad\u00e9micos Institucional, de las ofertas educativas brindadas por el Establecimiento.- Asistir al Rector en la Evaluaci\u00f3n de las actividades academias, de investigaci\u00f3n, capacitaci\u00f3n y extensi\u00f3n.- Asesorar al rector y participar de los aspectos pedag\u00f3gicos de extensi\u00f3n y de las relaciones institucionales con otros establecimientos educativos.- Proveer de toda informaci\u00f3n acad\u00e9mica que &#8230; <a title=\"Secretar\u00eda Acad\u00e9mica\" class=\"read-more\" href=\"https:\/\/csrdeltala-ers.infd.edu.ar\/sitio\/secretaria-academica\/\" aria-label=\"More on Secretar\u00eda Acad\u00e9mica\">[+]<\/a><\/p>\n","protected":false},"author":7,"featured_media":0,"parent":0,"menu_order":0,"comment_status":"closed","ping_status":"closed","template":"","meta":[],"acf":[],"_links":{"self":[{"href":"https:\/\/csrdeltala-ers.infd.edu.ar\/sitio\/wp-json\/wp\/v2\/pages\/1016"}],"collection":[{"href":"https:\/\/csrdeltala-ers.infd.edu.ar\/sitio\/wp-json\/wp\/v2\/pages"}],"about":[{"href":"https:\/\/csrdeltala-ers.infd.edu.ar\/sitio\/wp-json\/wp\/v2\/types\/page"}],"author":[{"embeddable":true,"href":"https:\/\/csrdeltala-ers.infd.edu.ar\/sitio\/wp-json\/wp\/v2\/users\/7"}],"replies":[{"embeddable":true,"href":"https:\/\/csrdeltala-ers.infd.edu.ar\/sitio\/wp-json\/wp\/v2\/comments?post=1016"}],"version-history":[{"count":3,"href":"https:\/\/csrdeltala-ers.infd.edu.ar\/sitio\/wp-json\/wp\/v2\/pages\/1016\/revisions"}],"predecessor-version":[{"id":1189,"href":"https:\/\/csrdeltala-ers.infd.edu.ar\/sitio\/wp-json\/wp\/v2\/pages\/1016\/revisions\/1189"}],"wp:attachment":[{"href":"https:\/\/csrdeltala-ers.infd.edu.ar\/sitio\/wp-json\/wp\/v2\/media?parent=1016"}],"curies":[{"name":"wp","href":"https:\/\/api.w.org\/{rel}","templated":true}]}}