{"id":286,"date":"2016-10-31T13:17:59","date_gmt":"2016-10-31T16:17:59","guid":{"rendered":"https:\/\/csrdeltala-ers.infd.edu.ar\/sitio\/?page_id=286"},"modified":"2025-11-20T20:14:27","modified_gmt":"2025-11-20T23:14:27","slug":"inicio","status":"publish","type":"page","link":"https:\/\/csrdeltala-ers.infd.edu.ar\/sitio\/","title":{"rendered":"Inicio"},"content":{"rendered":"<blockquote>\n<h1>Siembra educaci\u00f3n y cosecha futuro<\/h1>\n<p style=\"text-align: right;\">1949 &#8211; 2026<\/p>\n<\/blockquote>\n<div style=\"font-family: Geneva, Arial, Helvetica, sans-serif; color: #4f51b0; text-decoration: blink; text-align: center;\">\n<p class=\"MsoNormal\" style=\"margin: 0cm 0cm 0pt; text-align: center;\">\u00a0<img decoding=\"async\" loading=\"lazy\" class=\"\" title=\"Colegio 2\" src=\"https:\/\/csrdeltala-ers.infd.edu.ar\/sitio\/wp-content\/uploads\/2018\/08\/Colegio.jpg\" alt=\"Colegio 2\" width=\"750\" height=\"563\" border=\"0\" \/><\/p>\n<\/div>\n<h2>Nivel Superior<\/h2>\n<ul>\n<li><a href=\"https:\/\/csrdeltala-ers.infd.edu.ar\/sitio\/profesorado-para-la-educacion-secundaria-en-fisica\/\">Profesorado de Educaci\u00f3n Secundaria en Biolog\u00eda<\/a><\/li>\n<li><a href=\"https:\/\/csrdeltala-ers.infd.edu.ar\/sitio\/profesorado-para-la-educacion-secundaria-en-matematica\/\">Profesorado de Educaci\u00f3n Secundaria en Matem\u00e1tica<\/a><\/li>\n<li>Profesorado de Educaci\u00f3n Secundaria en Historia<\/li>\n<li>Tecnicatura Superior en Enfermer\u00eda<\/li>\n<\/ul>\n<h2>Nivel Secundario<\/h2>\n<ul>\n<li>Ciclo B\u00e1sico Com\u00fan: 1ro, 2do y 3er a\u00f1o \u2013 Turno Tarde<\/li>\n<li>Ciclo Orientado: 4to, 5to y 6to a\u00f1o \u2013 Turno Ma\u00f1ana<\/li>\n<li>E.S.J.A. Escuela Secundaria de J\u00f3venes y Adultos \u2013 Turno Noche<\/li>\n<\/ul>\n<h2>Orientaciones<\/h2>\n<ul>\n<li>Ciencias Naturales<\/li>\n<li>Econom\u00eda y Administraci\u00f3n<\/li>\n<li>Ciencias Sociales y Humanidades<\/li>\n<\/ul>\n","protected":false},"excerpt":{"rendered":"<p>Siembra educaci\u00f3n y cosecha futuro 1949 &#8211; 2026 \u00a0 Nivel Superior Profesorado de Educaci\u00f3n Secundaria en Biolog\u00eda Profesorado de Educaci\u00f3n Secundaria en Matem\u00e1tica Profesorado de Educaci\u00f3n Secundaria en Historia Tecnicatura Superior en Enfermer\u00eda Nivel Secundario Ciclo B\u00e1sico Com\u00fan: 1ro, 2do y 3er a\u00f1o \u2013 Turno Tarde Ciclo Orientado: 4to, 5to y 6to a\u00f1o \u2013 Turno &#8230; <a title=\"Inicio\" class=\"read-more\" href=\"https:\/\/csrdeltala-ers.infd.edu.ar\/sitio\/\" aria-label=\"More on Inicio\">[+]<\/a><\/p>\n","protected":false},"author":1,"featured_media":0,"parent":0,"menu_order":0,"comment_status":"closed","ping_status":"closed","template":"","meta":[],"acf":[],"_links":{"self":[{"href":"https:\/\/csrdeltala-ers.infd.edu.ar\/sitio\/wp-json\/wp\/v2\/pages\/286"}],"collection":[{"href":"https:\/\/csrdeltala-ers.infd.edu.ar\/sitio\/wp-json\/wp\/v2\/pages"}],"about":[{"href":"https:\/\/csrdeltala-ers.infd.edu.ar\/sitio\/wp-json\/wp\/v2\/types\/page"}],"author":[{"embeddable":true,"href":"https:\/\/csrdeltala-ers.infd.edu.ar\/sitio\/wp-json\/wp\/v2\/users\/1"}],"replies":[{"embeddable":true,"href":"https:\/\/csrdeltala-ers.infd.edu.ar\/sitio\/wp-json\/wp\/v2\/comments?post=286"}],"version-history":[{"count":123,"href":"https:\/\/csrdeltala-ers.infd.edu.ar\/sitio\/wp-json\/wp\/v2\/pages\/286\/revisions"}],"predecessor-version":[{"id":1282,"href":"https:\/\/csrdeltala-ers.infd.edu.ar\/sitio\/wp-json\/wp\/v2\/pages\/286\/revisions\/1282"}],"wp:attachment":[{"href":"https:\/\/csrdeltala-ers.infd.edu.ar\/sitio\/wp-json\/wp\/v2\/media?parent=286"}],"curies":[{"name":"wp","href":"https:\/\/api.w.org\/{rel}","templated":true}]}}