{"id":960,"date":"2018-08-30T14:11:42","date_gmt":"2018-08-30T17:11:42","guid":{"rendered":"https:\/\/csrdeltala-ers.infd.edu.ar\/sitio\/documentacion-a-presentar-para-el-ingreso-ciclo-lectivo-2015\/"},"modified":"2024-04-08T19:03:33","modified_gmt":"2024-04-08T22:03:33","slug":"documentacion-a-presentar-para-el-ingreso-ciclo-lectivo-2015","status":"publish","type":"page","link":"https:\/\/csrdeltala-ers.infd.edu.ar\/sitio\/documentacion-a-presentar-para-el-ingreso-ciclo-lectivo-2015\/","title":{"rendered":"Documentaci\u00f3n a presentar para el ingreso Ciclo Lectivo 2024"},"content":{"rendered":"<p class=\"MsoNormal\" style=\"margin: 12pt 0cm 6pt; line-height: normal; text-align: center;\"><span style=\"font-family: Calibri;\"><span style=\"font-size: 20pt;\"><span style=\"font-family: verdana,geneva;\"><span style=\"font-size: 14pt;\"><span style=\"color: #008000;\"><em>\u00bb\u00a0Tecnicatura Superior en Enfermer\u00eda\u00bb<\/em><\/span><\/span><\/span><\/span><\/span><\/p>\n<p class=\"MsoNormal\" style=\"margin: 12pt 0cm 6pt; line-height: normal; text-align: center;\"><span style=\"font-family: Calibri;\"><span style=\"font-size: 20pt;\"><span style=\"font-family: verdana,geneva;\"><span style=\"font-size: 14pt;\"><span style=\"color: #008000;\"><em>\u00a0<\/em><\/span><\/span><\/span><\/span><\/span><\/p>\n<p class=\"MsoNormal\" style=\"margin: 12pt 0cm 6pt; line-height: normal; text-align: center;\"><span style=\"font-family: Calibri;\"><span style=\"font-size: 20pt;\"><span style=\"font-family: verdana,geneva;\"><span style=\"font-size: 14pt;\"><span style=\"color: #008000;\"><em><img decoding=\"async\" title=\"enfermeria\" src=\"https:\/\/csrdeltala-ers.infd.edu.ar\/sitio\/wp-content\/uploads\/2018\/08\/PracticasEnfermeriaElche_17_06_2008.jpg\" alt=\"enfermeria\" border=\"0\" \/><\/em><\/span><\/span><\/span><\/span><\/span><\/p>\n<p class=\"MsoNormal\" style=\"margin: 12pt 0cm 6pt; line-height: normal; text-align: center;\"><span style=\"font-family: verdana,geneva;\"><span style=\"font-size: 12pt;\"><span style=\"text-decoration: underline;\">Nivel<\/span>: Educaci\u00f3n Superior<\/span><\/span><\/p>\n<p class=\"MsoNormal\" style=\"margin: 12pt 0cm 6pt; line-height: normal; text-align: left;\"><span style=\"font-family: verdana,geneva;\"><span style=\"font-size: 12pt;\"><span style=\"text-decoration: underline;\">T\u00edtulo<\/span>: Enfermero\/Enfermera<\/span><\/span><\/p>\n<p class=\"MsoNormal\" style=\"margin: 12pt 0cm 6pt; line-height: normal; text-align: left;\"><span style=\"font-family: verdana,geneva;\"><span style=\"font-size: 12pt;\"><span style=\"text-decoration: underline;\">Duraci\u00f3n<\/span>: 3 a\u00f1os<\/span><\/span><\/p>\n<p class=\"MsoNormal\" style=\"margin: 12pt 0cm 6pt; line-height: normal; text-align: left;\"><span style=\"font-family: verdana,geneva;\"><span style=\"font-size: 12pt;\"><span style=\"text-decoration: underline;\">Modalidad<\/span>: Formaci\u00f3n T\u00e9cnico Profesional<\/span><\/span><\/p>\n<p class=\"MsoNormal\" style=\"margin: 12pt 0cm 6pt; line-height: normal; text-align: left;\"><span style=\"font-family: verdana,geneva;\"><span style=\"font-size: 12pt;\"><span style=\"text-decoration: underline;\">Edad.de ingreso<\/span>: de 18 a 30 a\u00f1os<\/span><\/span><\/p>\n<p class=\"MsoNormal\" style=\"margin: 12pt 0cm 6pt; line-height: normal; text-align: left;\"><span style=\"font-family: verdana,geneva;\"><span style=\"font-size: 12pt;\"><span style=\"text-decoration: underline;\">Modalidad de cursado<\/span>: Presencial, Te\u00f3rico-Pr\u00e1ctico<\/span><\/span><\/p>\n<p class=\"MsoNormal\" style=\"margin: 12pt 0cm 6pt; line-height: normal; text-align: left;\">\n<p class=\"MsoNormal\" style=\"margin: 0cm 0cm 0pt; line-height: normal;\"><em style=\"mso-bidi-font-style: normal;\">\u00a0<\/em><\/p>\n<p class=\"MsoNormal\" style=\"margin: 0cm 0cm 0pt; line-height: normal;\"><em style=\"mso-bidi-font-style: normal;\"><span style=\"text-decoration: underline;\"><span style=\"font-family: Arial;\"><span style=\"font-size: 12pt;\"><span style=\"font-family: verdana,geneva;\"><span style=\"font-size: 10pt;\">Documentaci\u00f3n a presentar para el ingreso Ciclo Lectivo 2024<\/span><\/span><\/span><\/span><\/span><\/em><\/p>\n<p class=\"MsoNormal\" style=\"margin: 6pt 0cm 0pt; line-height: normal;\"><span style=\"font-family: verdana,geneva;\"><span style=\"font-size: 10pt;\"><strong style=\"mso-bidi-font-weight: normal;\"><img decoding=\"async\" title=\"arrow\" src=\"https:\/\/csrdeltala-ers.infd.edu.ar\/sitio\/wp-content\/uploads\/2018\/08\/arrow_right.png\" alt=\"arrow\" border=\"0\" \/>\u00a0\u00a0 <\/strong>Matr\u00edcula<\/span><\/span><\/p>\n<p class=\"MsoNormal\" style=\"margin: 6pt 0cm 0pt; line-height: normal;\"><span style=\"font-size: 9pt;\"><span style=\"font-family: verdana,geneva;\"><span style=\"font-size: 10pt;\"><img decoding=\"async\" title=\"arrow\" src=\"https:\/\/csrdeltala-ers.infd.edu.ar\/sitio\/wp-content\/uploads\/2018\/08\/arrow_right.png\" alt=\"arrow\" border=\"0\" \/>\u00a0 Certificado de Aprobaci\u00f3n del Nivel Secundario \/Polimodal<\/span><\/span><\/span><\/p>\n<p class=\"MsoNormal\" style=\"margin: 6pt 0cm 0pt; line-height: normal;\"><span style=\"font-size: 9pt;\"><span style=\"font-family: verdana,geneva;\"><span style=\"font-size: 10pt;\"><img decoding=\"async\" title=\"arrow\" src=\"https:\/\/csrdeltala-ers.infd.edu.ar\/sitio\/wp-content\/uploads\/2018\/08\/arrow_right.png\" alt=\"arrow\" border=\"0\" \/>\u00a0 Fotocopia Partida de Nacimiento.<\/span><\/span><\/span><\/p>\n<p class=\"MsoNormal\" style=\"margin: 6pt 0cm 0pt; line-height: normal;\"><span style=\"font-size: 9pt;\"><span style=\"font-family: verdana,geneva;\"><span style=\"font-size: 10pt;\"><img decoding=\"async\" title=\"arrow\" src=\"https:\/\/csrdeltala-ers.infd.edu.ar\/sitio\/wp-content\/uploads\/2018\/08\/arrow_right.png\" alt=\"arrow\" border=\"0\" \/>\u00a0 Fotocopia de la 1\u00ba y 2\u00ba hoja del D.N.I<\/span><\/span><\/span><\/p>\n<p class=\"MsoNormal\" style=\"margin: 6pt 0cm 0pt; line-height: normal;\"><span style=\"font-size: 9pt;\"><span style=\"font-family: verdana,geneva;\"><span style=\"font-size: 10pt;\"><img decoding=\"async\" title=\"arrow\" src=\"https:\/\/csrdeltala-ers.infd.edu.ar\/sitio\/wp-content\/uploads\/2018\/08\/arrow_right.png\" alt=\"arrow\" border=\"0\" \/>\u00a0 2 Fotograf\u00edas de Carnet 4&#215;4<\/span><\/span><\/span><\/p>\n<p class=\"MsoNormal\" style=\"margin: 6pt 0cm 0pt; line-height: normal;\"><span style=\"font-size: 9pt;\"><span style=\"font-family: verdana,geneva;\"><span style=\"font-size: 10pt;\"><img decoding=\"async\" title=\"arrow\" src=\"https:\/\/csrdeltala-ers.infd.edu.ar\/sitio\/wp-content\/uploads\/2018\/08\/arrow_right.png\" alt=\"arrow\" border=\"0\" \/>\u00a0 Certificado m\u00e9dico de aptitud psicof\u00edsica<\/span><\/span><\/span><\/p>\n<p class=\"MsoNormal\" style=\"margin: 6pt 0cm 0pt; line-height: normal;\"><span style=\"font-size: 9pt;\"><span style=\"font-family: verdana,geneva;\"><span style=\"font-size: 10pt;\"><img decoding=\"async\" title=\"arrow\" src=\"https:\/\/csrdeltala-ers.infd.edu.ar\/sitio\/wp-content\/uploads\/2018\/08\/arrow_right.png\" alt=\"arrow\" border=\"0\" \/>\u00a0 Grupo sangu\u00edneo<\/span><\/span><\/span><\/p>\n<p class=\"MsoNormal\" style=\"margin: 6pt 0cm 0pt; line-height: normal;\"><span style=\"font-size: 9pt;\"><span style=\"font-family: verdana,geneva;\"><span style=\"font-size: 10pt;\"><img decoding=\"async\" title=\"arrow\" src=\"https:\/\/csrdeltala-ers.infd.edu.ar\/sitio\/wp-content\/uploads\/2018\/08\/arrow_right.png\" alt=\"arrow\" border=\"0\" \/>\u00a0 Carpeta Colgante<\/span><\/span><\/span><\/p>\n<p class=\"MsoNormal\" style=\"margin: 6pt 0cm 0pt; line-height: normal;\">\n<p class=\"MsoNormal\" style=\"margin: 0cm 0cm 0pt; line-height: normal;\"><span style=\"font-size: 12pt;\"><span style=\"font-family: verdana,geneva;\"><span style=\"font-size: 10pt;\"><span style=\"text-decoration: underline;\"><img decoding=\"async\" title=\"122\" src=\"https:\/\/csrdeltala-ers.infd.edu.ar\/sitio\/wp-content\/uploads\/2018\/08\/1_122.gif\" alt=\"122\" border=\"0\" \/><\/span>\u00a0\u00a0 <span style=\"text-decoration: underline;\">Pre-Inscripci\u00f3n 2024<\/span>:<\/span><\/span><\/span><\/p>\n<p class=\"MsoNormal\" style=\"margin: 0cm 0cm 0pt; line-height: normal;\">\n<p class=\"MsoNormal\" style=\"margin: 0cm 0cm 0pt; line-height: normal;\"><span style=\"font-size: 12pt;\"><span style=\"font-family: verdana,geneva;\"><span style=\"font-size: 10pt;\">\u00a0<img decoding=\"async\" title=\"68\" src=\"https:\/\/csrdeltala-ers.infd.edu.ar\/sitio\/wp-content\/uploads\/2018\/08\/1_068.gif\" alt=\"68\" border=\"0\" \/>\u00a0\u00a0 Colegio Ossola Planta Alta de 18:30 a 21:30 hs en\u00a0 Secretar\u00eda. <\/span><\/span><\/span><\/p>\n<p class=\"MsoNormal\" style=\"margin: 0cm 0cm 0pt; line-height: normal;\"><span style=\"font-size: 12pt;\"><span style=\"font-family: verdana,geneva;\"><span style=\"font-size: 10pt;\">\u00a0\u00a0\u00a0\u00a0\u00a0\u00a0\u00a0\u00a0\u00a0\u00a0\u00a0 <\/span><\/span><\/span><\/p>\n<p class=\"MsoNormal\" style=\"margin: 0cm 0cm 0pt; line-height: normal;\"><span style=\"font-size: 12pt;\"><span style=\"font-family: verdana,geneva;\"><span style=\"font-size: 10pt;\">\u00a0\u00a0\u00a0\u00a0\u00a0 <\/span><\/span><\/span><\/p>\n<p class=\"MsoNormal\" style=\"margin: 0cm 0cm 0pt; line-height: normal;\"><span style=\"font-size: 12pt;\"><span style=\"font-family: verdana,geneva;\"><span style=\"font-size: 10pt;\">\u00a0\u00a0\u00a0\u00a0\u00a0 <\/span><\/span><\/span><\/p>\n<p class=\"MsoNormal\" style=\"margin: 0cm 0cm 0pt; line-height: normal;\">\n<p class=\"MsoNormal\" style=\"margin: 12pt 0cm 6pt; line-height: normal; text-align: right;\">\u00a0<span style=\"font-size: 12pt;\"><em><span style=\"color: #0000ff;\"><a title=\"index.cgi?wid_seccion=19&amp;wid_item=29\" href=\"index.cgi?wid_seccion=19&amp;wid_item=29\">ver estructura curricular<\/a><\/span><\/em><\/span><\/p>\n<p class=\"MsoNormal\" style=\"margin: 12pt 0cm 6pt; line-height: normal; text-align: left;\">\n","protected":false},"excerpt":{"rendered":"<p>\u00bb\u00a0Tecnicatura Superior en Enfermer\u00eda\u00bb \u00a0 Nivel: Educaci\u00f3n Superior T\u00edtulo: Enfermero\/Enfermera Duraci\u00f3n: 3 a\u00f1os Modalidad: Formaci\u00f3n T\u00e9cnico Profesional Edad.de ingreso: de 18 a 30 a\u00f1os Modalidad de cursado: Presencial, Te\u00f3rico-Pr\u00e1ctico \u00a0 Documentaci\u00f3n a presentar para el ingreso Ciclo Lectivo 2024 \u00a0\u00a0 Matr\u00edcula \u00a0 Certificado de Aprobaci\u00f3n del Nivel Secundario \/Polimodal \u00a0 Fotocopia Partida de Nacimiento. \u00a0 &#8230; <a title=\"Documentaci\u00f3n a presentar para el ingreso Ciclo Lectivo 2024\" class=\"read-more\" href=\"https:\/\/csrdeltala-ers.infd.edu.ar\/sitio\/documentacion-a-presentar-para-el-ingreso-ciclo-lectivo-2015\/\" aria-label=\"More on Documentaci\u00f3n a presentar para el ingreso Ciclo Lectivo 2024\">[+]<\/a><\/p>\n","protected":false},"author":7,"featured_media":0,"parent":0,"menu_order":0,"comment_status":"closed","ping_status":"closed","template":"","meta":[],"acf":[],"_links":{"self":[{"href":"https:\/\/csrdeltala-ers.infd.edu.ar\/sitio\/wp-json\/wp\/v2\/pages\/960"}],"collection":[{"href":"https:\/\/csrdeltala-ers.infd.edu.ar\/sitio\/wp-json\/wp\/v2\/pages"}],"about":[{"href":"https:\/\/csrdeltala-ers.infd.edu.ar\/sitio\/wp-json\/wp\/v2\/types\/page"}],"author":[{"embeddable":true,"href":"https:\/\/csrdeltala-ers.infd.edu.ar\/sitio\/wp-json\/wp\/v2\/users\/7"}],"replies":[{"embeddable":true,"href":"https:\/\/csrdeltala-ers.infd.edu.ar\/sitio\/wp-json\/wp\/v2\/comments?post=960"}],"version-history":[{"count":2,"href":"https:\/\/csrdeltala-ers.infd.edu.ar\/sitio\/wp-json\/wp\/v2\/pages\/960\/revisions"}],"predecessor-version":[{"id":1161,"href":"https:\/\/csrdeltala-ers.infd.edu.ar\/sitio\/wp-json\/wp\/v2\/pages\/960\/revisions\/1161"}],"wp:attachment":[{"href":"https:\/\/csrdeltala-ers.infd.edu.ar\/sitio\/wp-json\/wp\/v2\/media?parent=960"}],"curies":[{"name":"wp","href":"https:\/\/api.w.org\/{rel}","templated":true}]}}